{"id":25522,"date":"2025-09-09T06:35:26","date_gmt":"2025-09-09T06:35:26","guid":{"rendered":"https:\/\/vourloumis.gr\/?post_type=product&#038;p=25522"},"modified":"2025-09-11T09:03:16","modified_gmt":"2025-09-11T09:03:16","slug":"heli-electric-pallet-truck-cbd16-20-c2lih-copy","status":"publish","type":"product","link":"https:\/\/vourloumis.gr\/en\/product\/heli-electric-pallet-truck-cbd16-20-c2lih-copy\/","title":{"rendered":"HELI Stacker Truck CDD16\/20 &#8211; A2FL\u0399H"},"content":{"rendered":"\t\t<div data-elementor-type=\"product-post\" data-elementor-id=\"25522\" class=\"elementor elementor-25522 elementor-25521\" data-elementor-post-type=\"product\">\n\t\t\t\t\t\t<section class=\"elementor-section elementor-top-section elementor-element elementor-element-3f01781 elementor-section-boxed elementor-section-height-default elementor-section-height-default\" data-id=\"3f01781\" data-element_type=\"section\" data-e-type=\"section\">\n\t\t\t\t\t\t<div class=\"elementor-container elementor-column-gap-default\">\n\t\t\t\t\t<div class=\"elementor-column elementor-col-100 elementor-top-column elementor-element elementor-element-7577e99\" data-id=\"7577e99\" data-element_type=\"column\" data-e-type=\"column\">\n\t\t\t<div class=\"elementor-widget-wrap elementor-element-populated\">\n\t\t\t\t\t\t<div class=\"elementor-element elementor-element-0d8c447 elementor-tabs-view-horizontal elementor-widget elementor-widget-tabs\" data-id=\"0d8c447\" data-element_type=\"widget\" data-e-type=\"widget\" data-widget_type=\"tabs.default\">\n\t\t\t\t<div class=\"elementor-widget-container\">\n\t\t\t\t\t\t\t<div class=\"elementor-tabs\">\n\t\t\t<div class=\"elementor-tabs-wrapper\" role=\"tablist\" >\n\t\t\t\t\t\t\t\t\t<div id=\"elementor-tab-title-1421\" class=\"elementor-tab-title elementor-tab-desktop-title\" aria-selected=\"true\" data-tab=\"1\" role=\"tab\" tabindex=\"0\" aria-controls=\"elementor-tab-content-1421\" aria-expanded=\"false\">CDD16-A2FLIH<\/div>\n\t\t\t\t\t\t\t\t\t<div id=\"elementor-tab-title-1422\" class=\"elementor-tab-title elementor-tab-desktop-title\" aria-selected=\"false\" data-tab=\"2\" role=\"tab\" tabindex=\"-1\" aria-controls=\"elementor-tab-content-1422\" aria-expanded=\"false\">CDD20-A2FLIH<\/div>\n\t\t\t\t\t\t\t<\/div>\n\t\t\t<div class=\"elementor-tabs-content-wrapper\" role=\"tablist\" aria-orientation=\"vertical\">\n\t\t\t\t\t\t\t\t\t<div class=\"elementor-tab-title elementor-tab-mobile-title\" aria-selected=\"true\" data-tab=\"1\" role=\"tab\" tabindex=\"0\" aria-controls=\"elementor-tab-content-1421\" aria-expanded=\"false\">CDD16-A2FLIH<\/div>\n\t\t\t\t\t<div id=\"elementor-tab-content-1421\" class=\"elementor-tab-content elementor-clearfix\" data-tab=\"1\" role=\"tabpanel\" aria-labelledby=\"elementor-tab-title-1421\" tabindex=\"0\" hidden=\"false\"><table>\n<tbody>\n<tr>\n<td>\n<p>Model:<\/p>\n<\/td>\n<td width=\"107\">\n<p>CDD16-A2FLIH<\/p>\n<\/td>\n<\/tr>\n<tr>\n<td>\n<p>Capacity:<\/p>\n<\/td>\n<td width=\"107\">\n<p>1600kg<\/p>\n<\/td>\n<\/tr>\n<tr>\n<td>\n<p>Fork dimensions (Length \u00d7 Width \u00d7 Height)<\/p>\n<\/td>\n<td width=\"107\">\n<p>1150\u00d7170\u00d760mm<\/p>\n<\/td>\n<\/tr>\n<tr>\n<td>\n<p>Movement speed (with\/without load)<\/p>\n<\/td>\n<td width=\"107\">\n<p>6.0km \/ 6.2h<\/p>\n<\/td>\n<\/tr>\n<tr>\n<td>\n<p>Lithium battery<\/p>\n<p>Operator:<\/p>\n<\/td>\n<td width=\"107\">\n<p>24V \/ 205 Ah<\/p>\n<p>Ride-on<\/p>\n<\/td>\n<\/tr>\n<\/tbody>\n<\/table>\n<\/div>\n\t\t\t\t\t\t\t\t\t<div class=\"elementor-tab-title elementor-tab-mobile-title\" aria-selected=\"false\" data-tab=\"2\" role=\"tab\" tabindex=\"-1\" aria-controls=\"elementor-tab-content-1422\" aria-expanded=\"false\">CDD20-A2FLIH<\/div>\n\t\t\t\t\t<div id=\"elementor-tab-content-1422\" class=\"elementor-tab-content elementor-clearfix\" data-tab=\"2\" role=\"tabpanel\" aria-labelledby=\"elementor-tab-title-1422\" tabindex=\"0\" hidden=\"hidden\"><table>\n<tbody>\n<tr>\n<td>\n<p>Model:<\/p>\n<\/td>\n<td width=\"93\">\n<p>CDD20-A2FLIH<\/p>\n<\/td>\n<\/tr>\n<tr>\n<td>\n<p>Capacity:<\/p>\n<\/td>\n<td width=\"93\">\n<p>2000kg<\/p>\n<\/td>\n<\/tr>\n<tr>\n<td>\n<p>Fork dimensions (Length \u00d7 Width \u00d7 Height)<\/p>\n<\/td>\n<td width=\"93\">\n<p>1150\u00d7170\u00d760<\/p>\n<\/td>\n<\/tr>\n<tr>\n<td>\n<p>Movement speed (with\/without load)<\/p>\n<\/td>\n<td width=\"93\">\n<p>6.0km \/ 6.2h<\/p>\n<\/td>\n<\/tr>\n<tr>\n<td>\n<p>Lithium battery<\/p>\n<p>Operator:<\/p>\n<\/td>\n<td width=\"93\">\n<p>24 V\/ 205Ah<\/p>\n<p>Ride-on<\/p>\n<\/td>\n<\/tr>\n<\/tbody>\n<\/table>\n<\/div>\n\t\t\t\t\t\t\t<\/div>\n\t\t<\/div>\n\t\t\t\t\t\t<\/div>\n\t\t\t\t<\/div>\n\t\t\t\t<div class=\"elementor-element elementor-element-2a17dcf elementor-align-center elementor-widget elementor-widget-button\" data-id=\"2a17dcf\" data-element_type=\"widget\" data-e-type=\"widget\" data-widget_type=\"button.default\">\n\t\t\t\t<div class=\"elementor-widget-container\">\n\t\t\t\t\t\t\t\t\t<div class=\"elementor-button-wrapper\">\n\t\t\t\t\t<a class=\"elementor-button elementor-button-link elementor-size-sm elementor-animation-shrink\" href=\"https:\/\/vourloumis.gr\/wp-content\/uploads\/CDD1620-A2FLIH.pdf\" target=\"_blank\">\n\t\t\t\t\t\t<span class=\"elementor-button-content-wrapper\">\n\t\t\t\t\t\t\t\t\t<span class=\"elementor-button-text\">SPECS SHEET<\/span>\n\t\t\t\t\t<\/span>\n\t\t\t\t\t<\/a>\n\t\t\t\t<\/div>\n\t\t\t\t\t\t\t\t<\/div>\n\t\t\t\t<\/div>\n\t\t\t\t\t<\/div>\n\t\t<\/div>\n\t\t\t\t\t<\/div>\n\t\t<\/section>\n\t\t\t\t<\/div>\n\t\t","protected":false},"excerpt":{"rendered":"<p>CDD16-A2FLIH CDD20-A2FLIH CDD16-A2FLIH Model: CDD16-A2FLIH Capacity: 1600kg Fork dimensions (Length \u00d7 Width \u00d7 Height) 1150\u00d7170\u00d760mm Movement speed (with\/without load) 6.0km \/ 6.2h Lithium battery Operator: 24V \/ 205 Ah Ride-on CDD20-A2FLIH Model: CDD20-A2FLIH Capacity: 2000kg Fork dimensions (Length \u00d7 Width \u00d7 Height) 1150\u00d7170\u00d760 Movement speed (with\/without load) 6.0km \/ 6.2h Lithium battery Operator: 24 V\/&hellip;<\/p>\n","protected":false},"featured_media":25530,"template":"","meta":[],"product_brand":[],"product_cat":[193,198],"product_tag":[],"class_list":{"0":"post-25522","1":"product","2":"type-product","3":"status-publish","4":"has-post-thumbnail","6":"product_cat-heli-en","7":"product_cat-pallet-truck","9":"first","10":"instock","11":"shipping-taxable","12":"product-type-simple"},"_links":{"self":[{"href":"https:\/\/vourloumis.gr\/en\/wp-json\/wp\/v2\/product\/25522","targetHints":{"allow":["GET"]}}],"collection":[{"href":"https:\/\/vourloumis.gr\/en\/wp-json\/wp\/v2\/product"}],"about":[{"href":"https:\/\/vourloumis.gr\/en\/wp-json\/wp\/v2\/types\/product"}],"version-history":[{"count":5,"href":"https:\/\/vourloumis.gr\/en\/wp-json\/wp\/v2\/product\/25522\/revisions"}],"predecessor-version":[{"id":25578,"href":"https:\/\/vourloumis.gr\/en\/wp-json\/wp\/v2\/product\/25522\/revisions\/25578"}],"wp:featuredmedia":[{"embeddable":true,"href":"https:\/\/vourloumis.gr\/en\/wp-json\/wp\/v2\/media\/25530"}],"wp:attachment":[{"href":"https:\/\/vourloumis.gr\/en\/wp-json\/wp\/v2\/media?parent=25522"}],"wp:term":[{"taxonomy":"product_brand","embeddable":true,"href":"https:\/\/vourloumis.gr\/en\/wp-json\/wp\/v2\/product_brand?post=25522"},{"taxonomy":"product_cat","embeddable":true,"href":"https:\/\/vourloumis.gr\/en\/wp-json\/wp\/v2\/product_cat?post=25522"},{"taxonomy":"product_tag","embeddable":true,"href":"https:\/\/vourloumis.gr\/en\/wp-json\/wp\/v2\/product_tag?post=25522"}],"curies":[{"name":"wp","href":"https:\/\/api.w.org\/{rel}","templated":true}]}}